{"id":206,"date":"2024-11-22T20:58:27","date_gmt":"2024-11-22T20:58:27","guid":{"rendered":"https:\/\/icra-audiology.org\/?page_id=206"},"modified":"2024-11-22T20:58:28","modified_gmt":"2024-11-22T20:58:28","slug":"international-classification-of-functioning-disability-and-health-icf","status":"publish","type":"page","link":"https:\/\/icra-audiology.org\/?page_id=206","title":{"rendered":"International Classification of Functioning Disability and Health (ICF)"},"content":{"rendered":"\n<hr class=\"wp-block-separator has-text-color has-alpha-channel-opacity has-background is-style-wide\" style=\"background-color:#f48d07;color:#f48d07\"\/>\n\n\n\n<p>Working group established at the 2009 ICRA meeting. Current members are Deborah Hall, Louise Hickson,&nbsp;Gabriella Saunders, Theresa Chisolm, Jean-Pierre Gagn\u00e9, Ruth Bentler and Sophia Kramer (coordinator).<\/p>\n\n\n\n<p><strong>Background<\/strong><\/p>\n\n\n\n<p>Hearing loss is usually assessed by psycho-acoustic measurements such as pure-tone and speech audiometry. These examinations only provide a very limited description of the consequences of hearing loss (Danermark et al., 2010). The World Health Organization\u2019s (WHO) International Classification of Functioning, Disability and Health (ICF) presents a multifactorial understanding of functioning and disability and describes a person\u2019s functioning in terms of the person\u2019s body (Body Functions and Structures component) and in terms of the activities the person engages in (Activity and Participation). The ICF provides a unified and standard language and framework for the description of functioning and disability. Because of its exhaustive nature, the generic ICF framework is too complex for use in daily practice. This is true for hearing-related conditions such as tinnitus. Hence, Core Sets have been developed. Core Sets facilitate the description of functioning in clinical practice by providing lists of domains carefully selected from a larger set because they are directly relevant for a specific health condition.<\/p>\n\n\n\n<p><strong>Hearing loss<\/strong><\/p>\n\n\n\n<p>The ICF&nbsp;<strong>Core Sets for Hearing Loss<\/strong>&nbsp;(ICF CS-HL) were developed according to a standard procedure covering four preparatory studies and a consensus conference (Granberg, 2015). The comprehensive ICF Core Set for Hearing Loss consists of 117 ICF categories, and the Brief one consists of 27 (of the 117) categories (Danermark et al., 2013). For a free download go to:&nbsp;<a href=\"https:\/\/www.icf-research-branch.org\/icf-core-sets-projects2\/other-health-conditions\/icf-core-set-for-hearing-loss\">https:\/\/www.icf-research-branch.org\/icf-core-sets-projects2\/other-health-conditions\/icf-core-set-for-hearing-loss<\/a>. The ICF CS-HL are lists of codes indicating&nbsp;<em>what<\/em>&nbsp;to measure, but not&nbsp;<em>how<\/em>&nbsp;to measure. The next phase in the development of the CS-HL therefore requires several decisions on how to use it in clinical practice and research. It is envisaged that the ICF CS-HL can be used as a checklist during the clinical assessment or admission interview by the health professional (Van Leeuwen et al., 2017). It can also be used as a patient reported outcome measure (PROM). In case of the latter, the CS-HL codes need to be transformed into questions. New items can be developed or items from appropriate measurement instruments can be selected. New items and scales based on the ICF CS-HL still have to undergo extensive testing and psychometric evaluation to prove their reliability and validity clinically and cross culturally. Also, strategies for the implementation of the ICF Core Sets for HL in clinical practice should be developed.<\/p>\n\n\n\n<p><strong>Tinnitus<\/strong><\/p>\n\n\n\n<p>The Core Outcome Measures in Tinnitus (COMiT) have been developed according to a standard procedure described by Williamson et al. the COMET Handbook: version 1.0. Trials. 2017 Jun 20;18(Suppl 3):280 (Hall et al., 2015; Hall 2017). At present these address minimum standards of assessing and reporting outcomes from sound-based, psychology-based and pharmacology-based interventions for clinical trials of chronic subjective tinnitus in adults (Fackrell et al., 2017). There are five \u2018sound-based\u2019 domains, five \u2018psychology-based\u2019 domains, and two \u2018drug-based\u2019 domains. Publications are currently being prepared, but a short description can be accessed here:&nbsp;<a href=\"http:\/\/tinnet.tinnitusresearch.net\/index.php\/2015-10-29-10-22-16\/wg-5-outcome-measurement\">http:\/\/tinnet.tinnitusresearch.net\/index.php\/2015-10-29-10-22-16\/wg-5-outcome-measurement<\/a><\/p>\n\n\n\n<p>Again, the COMiT recommendations so far address&nbsp;<em>what<\/em>&nbsp;to measure, but not&nbsp;<em>how<\/em>&nbsp;to measure. Measurement instruments are currently under consideration since there is unacceptable heterogeneity in usage (Hall et al., 2016). The COMiT recommendations differ from the ICF CS-HL in that they are being designed specifically with clinical trials in mind, rather than clinical practice.<\/p>\n\n\n\n<p>Other Core Sets outwith ICRA include those for aural rehabilitation (<a href=\"http:\/\/www.auronet.org\/\">http:\/\/www.auronet.org\/<\/a>) and for adults with unilateral severe-to-profound hearing loss (<a href=\"http:\/\/www.comet-initiative.org\/studies\/details\/1084?result=true\">http:\/\/www.comet-initiative.org\/studies\/details\/1084?result=true<\/a>) .\u00a0<\/p>\n\n\n\n<p><strong>Objectives of Core Sets working group:<\/strong><\/p>\n\n\n\n<p>1. To promote and guide further development of Core Sets for use in clinical practice, research and education in the field of Audiology.<\/p>\n\n\n\n<p>2. To develop strategies for the implementation of the ICF Core Sets for HL in clinical practice<\/p>\n\n\n\n<p>3. To encourage international collaboration and alignment in these processes<\/p>\n\n\n\n<p>4. &nbsp;To promote (and support where ever possible) use of guidelines for translation and cross-cultural adaptation to enhance confidence in the functional equivalence of translated versions of the same hearing-related instrument for use in different language and cultures.<\/p>\n\n\n\n<p><strong>References<\/strong><\/p>\n\n\n\n<p>Danermark, B., M\u00f6ller, C., Gagn\u00e9, J-P, Hickson, L. Swanepoel, D., Cieza, A., Kramer, S.E., Stucki, G., Str\u00f6mberg, J-P, Gimigliano, F. (2010) International classification of functioning, disability and health core sets for hearing loss: a discussion paper and invitation.&nbsp;<em>Int J Audiol<\/em>, 49(4):256-62.<\/p>\n\n\n\n<p>Danermark, B. Granberg, S., Kramer, S.E., Selb, M.<a href=\"https:\/\/aja.pubs.asha.org\/solr\/searchresults.aspx?author=Claes+M%c3%b6ller\">, M\u00f6ller<\/a>, C.&nbsp; (2013).&nbsp; The Creation of a Comprehensive and &nbsp;&nbsp; a Brief Core Set for Hearing Loss Using the International Classification of Functioning, Disability &nbsp;&nbsp;&nbsp;&nbsp;&nbsp;&nbsp;&nbsp;&nbsp;&nbsp;&nbsp; and &nbsp;&nbsp;&nbsp;&nbsp;&nbsp; Health.&nbsp;&nbsp;<em>Am J Audiol<\/em>,&nbsp; Vol. 22, 323-328. doi:10.1044\/1059-0889 (2013\/12-0052)<\/p>\n\n\n\n<p>Granberg, S. Functioning and disability in adults with hearing loss. Preparatory studies in the ICF Core Sets for &nbsp;&nbsp; hearing loss project. Doctoral Dissertation. Orebro University 2015.<\/p>\n\n\n\n<p>Fackrell K, Smith H, Colley V, Thacker B, Horobin A, Haider HF, Londero A, Mazurek B, Hall DA. (2017) Core Outcome Domains for early phase clinical trials of sound-, psychology-, and pharmacology-based interventions to manage chronic subjective tinnitus in adults: the COMIT&#8217;ID study protocol for using a Delphi process and face-to-face meetings to establish consensus.&nbsp;<em>Trials<\/em>&nbsp;18(1):388. doi:10.1186\/s13063-017-2123-0.<\/p>\n\n\n\n<p>Hall DA, Domingo SZ, Hamdache LZ, Manchaiah V, Thammaiah S, Evans C, Wong LLN. (2017) A good practice &nbsp;&nbsp; guide for translating and adapting hearing-related questionnaires for different languages and cultures. &nbsp;&nbsp;&nbsp;&nbsp;<em>Int J Audiol<\/em>. 21:1-15. [Epub ahead of print] Doi:10.1080\/14992027.2017.1393565<\/p>\n\n\n\n<p>Hall DA. (2017) Designing clinical trials for assessing the effectiveness of interventions for tinnitus.&nbsp;<em>Trends&nbsp; &nbsp;Hear,<\/em>&nbsp;21:1-12. doi: 10.1177\/2331216517736689.<\/p>\n\n\n\n<p>Hall DA, Haider H, Szczepek AJ, Lau P, Rabau S, Jones-Diette J, Londero A, Edvall NK, Cederroth CR, Mielczarek&nbsp;M, Fuller T, Batuecas-Caletrio A, Brueggemen P, Thompson DM, Norena A, Cima RFF, Mehta RL, Mazurek B. (2016) Systematic review of outcome domains and instruments used in clinical trials of tinnitus treatments in adults.&nbsp;<em>Trials<\/em>&nbsp;17:270. doi: 10.1186\/s13063-016-1399-9.<\/p>\n\n\n\n<p>Hall DA, Haider H, Kikidis D, Mielczarek M, Mazurek B, Szczepek AJ, Cederroth CR. (2015) Towards a global consensus on outcome measures for clinical trials in tinnitus: report from the first international&nbsp;meeting of the COMiT initiative 14 November 2014, Amsterdam, The Netherlands.&nbsp;<em>Trends Hear<\/em>&nbsp;19:1-7. doi: 10.1177\/2331216515580272.<\/p>\n\n\n\n<p>Leeuwen L. van, Merkus P, Pronk M, VanderTorn M, Mar\u00e9 M, Goverts ST, Kramer SE. (2017). Overlap and non-&nbsp;&nbsp; overlap between the ICF Core Sets for Hearing Loss and the Otology and Audiology intake &nbsp;&nbsp;&nbsp;&nbsp;&nbsp;&nbsp; documentation: towards an integrated tool.&nbsp;<em>Ear Hear<\/em>, 38(1):103-116.<\/p>\n\n\n\n<div data-wp-interactive=\"core\/file\" class=\"wp-block-file\"><object data-wp-bind--hidden=\"!state.hasPdfPreview\" hidden class=\"wp-block-file__embed\" data=\"https:\/\/icra-audiology.org\/wp-content\/uploads\/2024\/11\/Introduction-to-the-ICF_BD.pdf\" type=\"application\/pdf\" style=\"width:100%;height:700px\" aria-label=\"Embed of Introduction to the ICF_BD.\"><\/object><a id=\"wp-block-file--media-32b3b8b0-48ee-4cf9-acec-97e5ff780801\" href=\"https:\/\/icra-audiology.org\/wp-content\/uploads\/2024\/11\/Introduction-to-the-ICF_BD.pdf\">Introduction to the ICF_BD<\/a><a href=\"https:\/\/icra-audiology.org\/wp-content\/uploads\/2024\/11\/Introduction-to-the-ICF_BD.pdf\" class=\"wp-block-file__button wp-element-button\" download aria-describedby=\"wp-block-file--media-32b3b8b0-48ee-4cf9-acec-97e5ff780801\">Download<\/a><\/div>\n","protected":false},"excerpt":{"rendered":"<p>Working group established at the 2009 ICRA meeting. Current members are Deborah Hall, Louise Hickson,&nbsp;Gabriella Saunders, Theresa Chisolm, Jean-Pierre Gagn\u00e9, Ruth Bentler and Sophia Kramer (coordinator). Background Hearing loss is [&hellip;]<\/p>\n","protected":false},"author":1,"featured_media":0,"parent":0,"menu_order":0,"comment_status":"closed","ping_status":"closed","template":"","meta":{"footnotes":""},"class_list":["post-206","page","type-page","status-publish","hentry"],"yoast_head":"<!-- This site is optimized with the Yoast SEO plugin v27.5 - https:\/\/yoast.com\/product\/yoast-seo-wordpress\/ -->\n<title>International Classification of Functioning Disability and Health (ICF) - ICRA Audiology<\/title>\n<meta name=\"robots\" content=\"index, follow, max-snippet:-1, max-image-preview:large, max-video-preview:-1\" \/>\n<link rel=\"canonical\" href=\"https:\/\/icra-audiology.org\/?page_id=206\" \/>\n<meta property=\"og:locale\" content=\"en_US\" \/>\n<meta property=\"og:type\" content=\"article\" \/>\n<meta property=\"og:title\" content=\"International Classification of Functioning Disability and Health (ICF) - ICRA Audiology\" \/>\n<meta property=\"og:description\" content=\"Working group established at the 2009 ICRA meeting. Current members are Deborah Hall, Louise Hickson,&nbsp;Gabriella Saunders, Theresa Chisolm, Jean-Pierre Gagn\u00e9, Ruth Bentler and Sophia Kramer (coordinator). Background Hearing loss is [&hellip;]\" \/>\n<meta property=\"og:url\" content=\"https:\/\/icra-audiology.org\/?page_id=206\" \/>\n<meta property=\"og:site_name\" content=\"ICRA Audiology\" \/>\n<meta property=\"article:modified_time\" content=\"2024-11-22T20:58:28+00:00\" \/>\n<meta name=\"twitter:card\" content=\"summary_large_image\" \/>\n<meta name=\"twitter:label1\" content=\"Est. reading time\" \/>\n\t<meta name=\"twitter:data1\" content=\"5 minutes\" \/>\n<script type=\"application\/ld+json\" class=\"yoast-schema-graph\">{\"@context\":\"https:\\\/\\\/schema.org\",\"@graph\":[{\"@type\":\"WebPage\",\"@id\":\"https:\\\/\\\/icra-audiology.org\\\/?page_id=206\",\"url\":\"https:\\\/\\\/icra-audiology.org\\\/?page_id=206\",\"name\":\"International Classification of Functioning Disability and Health (ICF) - ICRA Audiology\",\"isPartOf\":{\"@id\":\"https:\\\/\\\/icra-audiology.org\\\/#website\"},\"datePublished\":\"2024-11-22T20:58:27+00:00\",\"dateModified\":\"2024-11-22T20:58:28+00:00\",\"breadcrumb\":{\"@id\":\"https:\\\/\\\/icra-audiology.org\\\/?page_id=206#breadcrumb\"},\"inLanguage\":\"en-US\",\"potentialAction\":[{\"@type\":\"ReadAction\",\"target\":[\"https:\\\/\\\/icra-audiology.org\\\/?page_id=206\"]}]},{\"@type\":\"BreadcrumbList\",\"@id\":\"https:\\\/\\\/icra-audiology.org\\\/?page_id=206#breadcrumb\",\"itemListElement\":[{\"@type\":\"ListItem\",\"position\":1,\"name\":\"Home\",\"item\":\"https:\\\/\\\/icra-audiology.org\\\/\"},{\"@type\":\"ListItem\",\"position\":2,\"name\":\"International Classification of Functioning Disability and Health (ICF)\"}]},{\"@type\":\"WebSite\",\"@id\":\"https:\\\/\\\/icra-audiology.org\\\/#website\",\"url\":\"https:\\\/\\\/icra-audiology.org\\\/\",\"name\":\"ICRA Audiology\",\"description\":\"\",\"publisher\":{\"@id\":\"https:\\\/\\\/icra-audiology.org\\\/#organization\"},\"potentialAction\":[{\"@type\":\"SearchAction\",\"target\":{\"@type\":\"EntryPoint\",\"urlTemplate\":\"https:\\\/\\\/icra-audiology.org\\\/?s={search_term_string}\"},\"query-input\":{\"@type\":\"PropertyValueSpecification\",\"valueRequired\":true,\"valueName\":\"search_term_string\"}}],\"inLanguage\":\"en-US\"},{\"@type\":\"Organization\",\"@id\":\"https:\\\/\\\/icra-audiology.org\\\/#organization\",\"name\":\"ICRA Audiology\",\"url\":\"https:\\\/\\\/icra-audiology.org\\\/\",\"logo\":{\"@type\":\"ImageObject\",\"inLanguage\":\"en-US\",\"@id\":\"https:\\\/\\\/icra-audiology.org\\\/#\\\/schema\\\/logo\\\/image\\\/\",\"url\":\"https:\\\/\\\/icra-audiology.org\\\/wp-content\\\/uploads\\\/2024\\\/11\\\/ICRA_logo_transp.png\",\"contentUrl\":\"https:\\\/\\\/icra-audiology.org\\\/wp-content\\\/uploads\\\/2024\\\/11\\\/ICRA_logo_transp.png\",\"width\":295,\"height\":80,\"caption\":\"ICRA Audiology\"},\"image\":{\"@id\":\"https:\\\/\\\/icra-audiology.org\\\/#\\\/schema\\\/logo\\\/image\\\/\"}}]}<\/script>\n<!-- \/ Yoast SEO plugin. -->","yoast_head_json":{"title":"International Classification of Functioning Disability and Health (ICF) - ICRA Audiology","robots":{"index":"index","follow":"follow","max-snippet":"max-snippet:-1","max-image-preview":"max-image-preview:large","max-video-preview":"max-video-preview:-1"},"canonical":"https:\/\/icra-audiology.org\/?page_id=206","og_locale":"en_US","og_type":"article","og_title":"International Classification of Functioning Disability and Health (ICF) - ICRA Audiology","og_description":"Working group established at the 2009 ICRA meeting. Current members are Deborah Hall, Louise Hickson,&nbsp;Gabriella Saunders, Theresa Chisolm, Jean-Pierre Gagn\u00e9, Ruth Bentler and Sophia Kramer (coordinator). Background Hearing loss is [&hellip;]","og_url":"https:\/\/icra-audiology.org\/?page_id=206","og_site_name":"ICRA Audiology","article_modified_time":"2024-11-22T20:58:28+00:00","twitter_card":"summary_large_image","twitter_misc":{"Est. reading time":"5 minutes"},"schema":{"@context":"https:\/\/schema.org","@graph":[{"@type":"WebPage","@id":"https:\/\/icra-audiology.org\/?page_id=206","url":"https:\/\/icra-audiology.org\/?page_id=206","name":"International Classification of Functioning Disability and Health (ICF) - ICRA Audiology","isPartOf":{"@id":"https:\/\/icra-audiology.org\/#website"},"datePublished":"2024-11-22T20:58:27+00:00","dateModified":"2024-11-22T20:58:28+00:00","breadcrumb":{"@id":"https:\/\/icra-audiology.org\/?page_id=206#breadcrumb"},"inLanguage":"en-US","potentialAction":[{"@type":"ReadAction","target":["https:\/\/icra-audiology.org\/?page_id=206"]}]},{"@type":"BreadcrumbList","@id":"https:\/\/icra-audiology.org\/?page_id=206#breadcrumb","itemListElement":[{"@type":"ListItem","position":1,"name":"Home","item":"https:\/\/icra-audiology.org\/"},{"@type":"ListItem","position":2,"name":"International Classification of Functioning Disability and Health (ICF)"}]},{"@type":"WebSite","@id":"https:\/\/icra-audiology.org\/#website","url":"https:\/\/icra-audiology.org\/","name":"ICRA Audiology","description":"","publisher":{"@id":"https:\/\/icra-audiology.org\/#organization"},"potentialAction":[{"@type":"SearchAction","target":{"@type":"EntryPoint","urlTemplate":"https:\/\/icra-audiology.org\/?s={search_term_string}"},"query-input":{"@type":"PropertyValueSpecification","valueRequired":true,"valueName":"search_term_string"}}],"inLanguage":"en-US"},{"@type":"Organization","@id":"https:\/\/icra-audiology.org\/#organization","name":"ICRA Audiology","url":"https:\/\/icra-audiology.org\/","logo":{"@type":"ImageObject","inLanguage":"en-US","@id":"https:\/\/icra-audiology.org\/#\/schema\/logo\/image\/","url":"https:\/\/icra-audiology.org\/wp-content\/uploads\/2024\/11\/ICRA_logo_transp.png","contentUrl":"https:\/\/icra-audiology.org\/wp-content\/uploads\/2024\/11\/ICRA_logo_transp.png","width":295,"height":80,"caption":"ICRA Audiology"},"image":{"@id":"https:\/\/icra-audiology.org\/#\/schema\/logo\/image\/"}}]}},"_links":{"self":[{"href":"https:\/\/icra-audiology.org\/index.php?rest_route=\/wp\/v2\/pages\/206","targetHints":{"allow":["GET"]}}],"collection":[{"href":"https:\/\/icra-audiology.org\/index.php?rest_route=\/wp\/v2\/pages"}],"about":[{"href":"https:\/\/icra-audiology.org\/index.php?rest_route=\/wp\/v2\/types\/page"}],"author":[{"embeddable":true,"href":"https:\/\/icra-audiology.org\/index.php?rest_route=\/wp\/v2\/users\/1"}],"replies":[{"embeddable":true,"href":"https:\/\/icra-audiology.org\/index.php?rest_route=%2Fwp%2Fv2%2Fcomments&post=206"}],"version-history":[{"count":1,"href":"https:\/\/icra-audiology.org\/index.php?rest_route=\/wp\/v2\/pages\/206\/revisions"}],"predecessor-version":[{"id":208,"href":"https:\/\/icra-audiology.org\/index.php?rest_route=\/wp\/v2\/pages\/206\/revisions\/208"}],"wp:attachment":[{"href":"https:\/\/icra-audiology.org\/index.php?rest_route=%2Fwp%2Fv2%2Fmedia&parent=206"}],"curies":[{"name":"wp","href":"https:\/\/api.w.org\/{rel}","templated":true}]}}